{"id":251,"date":"2019-12-02T02:27:40","date_gmt":"2019-12-02T02:27:40","guid":{"rendered":"http:\/\/cliniquepodiatriquelaval.flywheelsites.com\/faq\/"},"modified":"2023-09-05T17:07:10","modified_gmt":"2023-09-05T21:07:10","slug":"faq","status":"publish","type":"page","link":"https:\/\/cliniquepodiatriquedelaval.com\/en\/faq\/","title":{"rendered":"FAQ"},"content":{"rendered":"<section class=\"wpb-content-wrapper\"><p>[vc_row css_animation=&#8221;&#8221; row_type=&#8221;row&#8221; use_row_as_full_screen_section=&#8221;no&#8221; type=&#8221;full_width&#8221; angled_section=&#8221;no&#8221; text_align=&#8221;left&#8221; background_image_as_pattern=&#8221;without_pattern&#8221;][vc_column width=&#8221;1\/6&#8243;][\/vc_column][vc_column width=&#8221;2\/3&#8243;][vc_empty_space height=&#8221;50px&#8221;][vc_column_text]<\/p>\n<h1 style=\"text-align: center;\">FAQ<\/h1>\n<p style=\"text-align: center;\">[vc_separator type=&#8217;transparent&#8217; position=&#8217;center&#8217; color=&#8221; thickness=&#8221; up=&#8221; down=&#8221;]<\/p>\n<p>[\/vc_column_text][vc_empty_space height=&#8221;50px&#8221;][\/vc_column][vc_column width=&#8221;1\/6&#8243;][\/vc_column][\/vc_row][vc_row css_animation=&#8221;&#8221; row_type=&#8221;row&#8221; use_row_as_full_screen_section=&#8221;no&#8221; type=&#8221;full_width&#8221; angled_section=&#8221;no&#8221; text_align=&#8221;left&#8221; background_image_as_pattern=&#8221;without_pattern&#8221; z_index=&#8221;&#8221;][vc_column width=&#8221;1\/4&#8243;][\/vc_column][vc_column width=&#8221;1\/2&#8243;][vc_accordion active_tab=&#8221;1&#8243; collapsible=&#8221;yes&#8221; style=&#8221;boxed_toggle&#8221;][vc_accordion_tab title=&#8221;What\u2019s a podiatrist?&#8221; title_color=&#8221;#2372bc&#8221;][vc_column_text]<\/p>\n<div class=\"toggle\">\n<div class=\"wrapper\">\n<div class=\"toggle_container\" style=\"text-align: center;\">The podiatrist is the health professional who treats all foot-related issues that are not linked with the way the body operates as a systemic whole. After completing his 1st cycle doctorate in podiatric medicine, he is officially accredited to diagnose foot pathologies and to treat them with medical, pharmaceutical, surgical, or mechanical (<a title=\"orthoses\" href=\"https:\/\/cliniquepodiatriquedelaval.com\/en\/services\/orthoses\/\">orthoses<\/a>) interventions.<\/div>\n<\/div>\n<\/div>\n<div class=\"toggle\">\n<div class=\"wrapper\"><\/div>\n<\/div>\n<p>[\/vc_column_text][\/vc_accordion_tab][vc_accordion_tab title=&#8221;What\u2019s the difference between a podiatrist and an orthotist?&#8221; title_color=&#8221;#2372bc&#8221;][vc_column_text]<\/p>\n<p style=\"text-align: center;\">The podiatrist is a health specialist who completed a doctorate in podiatric medicine at the university and possesses a practice licence issued by the\u00a0<em>Ordre des podiatres du Qu\u00e9bec<\/em>. He\u2019s able to diagnose and treat all foot-related issues. The prescription and fabrication of plantar othoses are part of the numerous forms of treatment that he uses.<\/p>\n<p>&nbsp;<\/p>\n<div class=\"toggle\">\n<div class=\"wrapper\">\n<div class=\"toggle_container\">\n<p style=\"text-align: center;\">The orthotist-prosthetist, after completing a college degree, becomes a technician who fabricates orthoses that are prescribed by a health specialist like a doctor or a podiatrist. The orthosist may exercise his profession without being a member of the\u00a0<em>Association des orth\u00e9sistes, proth\u00e9sistes et orth\u00e9sistes du pied<\/em>\u00a0or the\u00a0<em>Ordre des technologues professionnels du Qu\u00e9bec<\/em>.<\/p>\n<\/div>\n<\/div>\n<\/div>\n<p>[\/vc_column_text][\/vc_accordion_tab][vc_accordion_tab title=&#8221;At what age can someone begin to undergo treatment?&#8221; title_color=&#8221;#2372bc&#8221;][vc_column_text]<\/p>\n<p style=\"text-align: center;\">It\u2019s never too early to consult a podiatrist. When any abnormal development of a child\u2019s foot is suspected, the podiatrist is able to assess its level of seriousness and to intervene if necessary, while always considering the child\u2019s age.<\/p>\n<p>&nbsp;<\/p>\n<div class=\"toggle\">\n<div class=\"wrapper\">\n<div class=\"toggle_container\">\n<p style=\"text-align: center;\">Children\u2019s health and well-being are a priority at the Podiatric Clinic of Laval. That\u2019s why we insist on keeping a close eye on how children develop over the years.<\/p>\n<\/div>\n<\/div>\n<\/div>\n<p>[\/vc_column_text][\/vc_accordion_tab][vc_accordion_tab title=&#8221;Are the fees covered by the RAMQ?&#8221; title_color=&#8221;#2372bc&#8221;][vc_column_text]<\/p>\n<div class=\"toggle\">\n<div class=\"wrapper\">\n<div class=\"toggle_container\" style=\"text-align: center;\">No. The fees related to podiatric treatments are refunded by most private insurance companies, as they are for the dentist. We can provide an estimate that your insurance company may use for verification purposes.<\/div>\n<\/div>\n<\/div>\n<p>[\/vc_column_text][\/vc_accordion_tab][vc_accordion_tab title=&#8221;Should a diabetic person consult a podiatrist?&#8221; title_color=&#8221;#2372bc&#8221;][vc_column_text]<\/p>\n<div class=\"container spacer\">\n<section class=\"faq\">\n<div class=\"toggle\">\n<div class=\"wrapper\">\n<div class=\"toggle_container\" style=\"text-align: center;\">Yes, it\u2019s strongly recommended, since the feet of diabetics are a lot more likely to develop serious complications. The Podiatric Clinic of Laval\u2019s personnel is diligent and uses specialised equipment designed to assess the condition of diabetics\u2019 feet.<\/div>\n<\/div>\n<\/div>\n<\/section>\n<\/div>\n<p>[\/vc_column_text][\/vc_accordion_tab][\/vc_accordion][vc_empty_space height=&#8221;50px&#8221;][vc_single_image image=&#8221;1658&#8243; img_size=&#8221;full&#8221; qode_css_animation=&#8221;&#8221;][vc_empty_space height=&#8221;50px&#8221;][\/vc_column][vc_column width=&#8221;1\/4&#8243;][\/vc_column][\/vc_row]<\/p>\n<\/section>","protected":false},"excerpt":{"rendered":"<p>[vc_row css_animation=&#8221;&#8221; row_type=&#8221;row&#8221; use_row_as_full_screen_section=&#8221;no&#8221; type=&#8221;full_width&#8221; angled_section=&#8221;no&#8221; text_align=&#8221;left&#8221; background_image_as_pattern=&#8221;without_pattern&#8221;][vc_column width=&#8221;1\/6&#8243;][\/vc_column][vc_column width=&#8221;2\/3&#8243;][vc_empty_space height=&#8221;50px&#8221;][vc_column_text] FAQ [vc_separator type=&#8217;transparent&#8217; position=&#8217;center&#8217; color=&#8221; thickness=&#8221; up=&#8221; down=&#8221;] [\/vc_column_text][vc_empty_space height=&#8221;50px&#8221;][\/vc_column][vc_column width=&#8221;1\/6&#8243;][\/vc_column][\/vc_row][vc_row css_animation=&#8221;&#8221; row_type=&#8221;row&#8221; use_row_as_full_screen_section=&#8221;no&#8221; type=&#8221;full_width&#8221; angled_section=&#8221;no&#8221; text_align=&#8221;left&#8221; background_image_as_pattern=&#8221;without_pattern&#8221; z_index=&#8221;&#8221;][vc_column width=&#8221;1\/4&#8243;][\/vc_column][vc_column width=&#8221;1\/2&#8243;][vc_accordion active_tab=&#8221;1&#8243; collapsible=&#8221;yes&#8221; style=&#8221;boxed_toggle&#8221;][vc_accordion_tab title=&#8221;What\u2019s a podiatrist?&#8221; title_color=&#8221;#2372bc&#8221;][vc_column_text] The podiatrist is the health professional&#8230;<\/p>\n","protected":false},"author":4,"featured_media":0,"parent":0,"menu_order":0,"comment_status":"closed","ping_status":"closed","template":"full_width.php","meta":{"footnotes":""},"class_list":["post-251","page","type-page","status-publish","hentry"],"_links":{"self":[{"href":"https:\/\/cliniquepodiatriquedelaval.com\/en\/wp-json\/wp\/v2\/pages\/251","targetHints":{"allow":["GET"]}}],"collection":[{"href":"https:\/\/cliniquepodiatriquedelaval.com\/en\/wp-json\/wp\/v2\/pages"}],"about":[{"href":"https:\/\/cliniquepodiatriquedelaval.com\/en\/wp-json\/wp\/v2\/types\/page"}],"author":[{"embeddable":true,"href":"https:\/\/cliniquepodiatriquedelaval.com\/en\/wp-json\/wp\/v2\/users\/4"}],"replies":[{"embeddable":true,"href":"https:\/\/cliniquepodiatriquedelaval.com\/en\/wp-json\/wp\/v2\/comments?post=251"}],"version-history":[{"count":0,"href":"https:\/\/cliniquepodiatriquedelaval.com\/en\/wp-json\/wp\/v2\/pages\/251\/revisions"}],"wp:attachment":[{"href":"https:\/\/cliniquepodiatriquedelaval.com\/en\/wp-json\/wp\/v2\/media?parent=251"}],"curies":[{"name":"wp","href":"https:\/\/api.w.org\/{rel}","templated":true}]}}