{"id":234,"date":"2019-12-02T02:59:45","date_gmt":"2019-12-02T02:59:45","guid":{"rendered":"http:\/\/cliniquepodiatriquelaval.flywheelsites.com\/services\/chirurgie-mineure-ongle-incarne\/"},"modified":"2022-04-21T15:29:36","modified_gmt":"2022-04-21T19:29:36","slug":"minor-surgery-ingrown-nails","status":"publish","type":"page","link":"https:\/\/cliniquepodiatriquedelaval.com\/en\/services\/minor-surgery-ingrown-nails\/","title":{"rendered":"Minor surgery \u2013 Ingrown nails"},"content":{"rendered":"<section class=\"wpb-content-wrapper\"><p>[vc_row css_animation=&#8221;&#8221; row_type=&#8221;row&#8221; use_row_as_full_screen_section=&#8221;no&#8221; type=&#8221;full_width&#8221; angled_section=&#8221;no&#8221; text_align=&#8221;left&#8221; background_image_as_pattern=&#8221;without_pattern&#8221; css=&#8221;.vc_custom_1575322095171{background-color: #e2e2e2 !important;}&#8221; z_index=&#8221;&#8221; el_class=&#8221;vc_hidden-sm vc_hidden-xs&#8221;][vc_column width=&#8221;1\/4&#8243;][\/vc_column][vc_column width=&#8221;1\/2&#8243;][vc_empty_space height=&#8221;50px&#8221;][vc_column_text]<img decoding=\"async\" class=\"aligncenter size-full wp-image-58\" src=\"https:\/\/cliniquepodiatriquedelaval.com\/wp-content\/uploads\/2019\/12\/icon_chirurgie_74CEE2.png\" alt=\"\" width=\"167\" height=\"118\" \/>[vc_separator type=&#8217;transparent&#8217; position=&#8217;center&#8217; color=&#8221; thickness=&#8221; up=&#8221; down=&#8221;]<\/p>\n<h1 style=\"text-align: center;\">Minor surgery &#8211; Ingrown nails<\/h1>\n<p>[vc_separator type=&#8217;transparent&#8217; position=&#8217;center&#8217; color=&#8221; thickness=&#8221; up=&#8221; down=&#8221;]<\/p>\n<p style=\"text-align: center;\">The surgery of an ingrown nail is a rapid procedure that only causes minimal discomfort. You can trust our experienced podiatrists to conduct it. Their success rate is as high as 95%.<\/p>\n<p>&nbsp;<\/p>\n<p style=\"text-align: center;\">Don\u2019t hesitate to\u00a0<a title=\"Demande de rendez-vous\" href=\"https:\/\/cliniquepodiatriquedelaval.com\/en\/services\/consultation-and-assessment\/\">ask us for advice<\/a>, as surgery is not the only option to solve ingrown nail problems. We will guide you towards the most suitable one for you.<\/p>\n<p>[\/vc_column_text][vc_empty_space height=&#8221;50px&#8221;][\/vc_column][vc_column width=&#8221;1\/4&#8243;][\/vc_column][\/vc_row][vc_row css_animation=&#8221;&#8221; row_type=&#8221;row&#8221; use_row_as_full_screen_section=&#8221;no&#8221; type=&#8221;full_width&#8221; angled_section=&#8221;no&#8221; text_align=&#8221;center&#8221; background_image_as_pattern=&#8221;without_pattern&#8221; css=&#8221;.vc_custom_1575322112910{padding-right: 10px !important;padding-left: 10px !important;background-color: #e2e2e2 !important;}&#8221; z_index=&#8221;&#8221; el_class=&#8221;vc_hidden-lg vc_hidden-md&#8221;][vc_column width=&#8221;1\/4&#8243;][\/vc_column][vc_column width=&#8221;1\/2&#8243;][vc_empty_space height=&#8221;50px&#8221;][vc_column_text]<img decoding=\"async\" class=\"aligncenter size-full wp-image-58\" src=\"https:\/\/cliniquepodiatriquedelaval.com\/wp-content\/uploads\/2019\/12\/icon_chirurgie_74CEE2.png\" alt=\"\" width=\"167\" height=\"118\" \/>[vc_separator type=&#8217;transparent&#8217; position=&#8217;center&#8217; color=&#8221; thickness=&#8221; up=&#8221; down=&#8221;]<\/p>\n<h2 style=\"text-align: center;\">Chirurgie mineure &#8211; Ongle incarn\u00e9<\/h2>\n<p>[vc_separator type=&#8217;transparent&#8217; position=&#8217;center&#8217; color=&#8221; thickness=&#8221; up=&#8221; down=&#8221;]<\/p>\n<p style=\"text-align: center;\">La chirurgie d\u2019un ongle incarn\u00e9 est une proc\u00e9dure rapide qui ne cause qu\u2019un inconfort minimal. Vous pouvez faire confiance \u00e0 nos podiatres exp\u00e9riment\u00e9s pour l\u2019effectuer. Leur taux de succ\u00e8s s\u2019\u00e9l\u00e8ve \u00e0 95 %.<\/p>\n<p>&nbsp;<\/p>\n<p style=\"text-align: center;\">N\u2019h\u00e9sitez pas \u00e0\u00a0<a title=\"Demande de rendez-vous\" href=\"https:\/\/cliniquepodiatriquedelaval.com\/en\/services\/consultation-and-assessment\/\">nous consulter<\/a>, car la chirurgie n\u2019est pas la seule option pour r\u00e9soudre les probl\u00e8mes d\u2019ongles incarn\u00e9s. Nous vous guiderons vers celle qui vous convient le mieux.<\/p>\n<p>[\/vc_column_text][vc_empty_space height=&#8221;50px&#8221;][\/vc_column][vc_column width=&#8221;1\/4&#8243;][\/vc_column][\/vc_row]<\/p>\n<\/section>","protected":false},"excerpt":{"rendered":"<p>[vc_row css_animation=&#8221;&#8221; row_type=&#8221;row&#8221; use_row_as_full_screen_section=&#8221;no&#8221; type=&#8221;full_width&#8221; angled_section=&#8221;no&#8221; text_align=&#8221;left&#8221; background_image_as_pattern=&#8221;without_pattern&#8221; css=&#8221;.vc_custom_1575322095171{background-color: #e2e2e2 !important;}&#8221; z_index=&#8221;&#8221; el_class=&#8221;vc_hidden-sm vc_hidden-xs&#8221;][vc_column width=&#8221;1\/4&#8243;][\/vc_column][vc_column width=&#8221;1\/2&#8243;][vc_empty_space height=&#8221;50px&#8221;][vc_column_text][vc_separator type=&#8217;transparent&#8217; position=&#8217;center&#8217; color=&#8221; thickness=&#8221; up=&#8221; down=&#8221;] Minor surgery &#8211; Ingrown nails [vc_separator type=&#8217;transparent&#8217; position=&#8217;center&#8217; color=&#8221; thickness=&#8221; up=&#8221; down=&#8221;] The surgery of an ingrown nail is a rapid procedure&#8230;<\/p>\n","protected":false},"author":4,"featured_media":0,"parent":177,"menu_order":0,"comment_status":"closed","ping_status":"closed","template":"full_width.php","meta":{"footnotes":""},"class_list":["post-234","page","type-page","status-publish","hentry"],"_links":{"self":[{"href":"https:\/\/cliniquepodiatriquedelaval.com\/en\/wp-json\/wp\/v2\/pages\/234","targetHints":{"allow":["GET"]}}],"collection":[{"href":"https:\/\/cliniquepodiatriquedelaval.com\/en\/wp-json\/wp\/v2\/pages"}],"about":[{"href":"https:\/\/cliniquepodiatriquedelaval.com\/en\/wp-json\/wp\/v2\/types\/page"}],"author":[{"embeddable":true,"href":"https:\/\/cliniquepodiatriquedelaval.com\/en\/wp-json\/wp\/v2\/users\/4"}],"replies":[{"embeddable":true,"href":"https:\/\/cliniquepodiatriquedelaval.com\/en\/wp-json\/wp\/v2\/comments?post=234"}],"version-history":[{"count":0,"href":"https:\/\/cliniquepodiatriquedelaval.com\/en\/wp-json\/wp\/v2\/pages\/234\/revisions"}],"up":[{"embeddable":true,"href":"https:\/\/cliniquepodiatriquedelaval.com\/en\/wp-json\/wp\/v2\/pages\/177"}],"wp:attachment":[{"href":"https:\/\/cliniquepodiatriquedelaval.com\/en\/wp-json\/wp\/v2\/media?parent=234"}],"curies":[{"name":"wp","href":"https:\/\/api.w.org\/{rel}","templated":true}]}}