{"id":173,"date":"2019-11-28T14:43:08","date_gmt":"2019-11-28T14:43:08","guid":{"rendered":"http:\/\/cliniquepodiatriquelaval.flywheelsites.com\/la-clinique\/"},"modified":"2025-01-28T16:32:52","modified_gmt":"2025-01-28T20:32:52","slug":"the-clinic","status":"publish","type":"page","link":"https:\/\/cliniquepodiatriquedelaval.com\/en\/the-clinic\/","title":{"rendered":"The clinic"},"content":{"rendered":"<section class=\"wpb-content-wrapper\"><p>[vc_row css_animation=&#8221;&#8221; row_type=&#8221;row&#8221; use_row_as_full_screen_section=&#8221;no&#8221; type=&#8221;full_width&#8221; angled_section=&#8221;no&#8221; text_align=&#8221;left&#8221; background_image_as_pattern=&#8221;without_pattern&#8221; el_class=&#8221;vc_hidden-sm vc_hidden-xs&#8221; z_index=&#8221;&#8221;][vc_column width=&#8221;1\/4&#8243;][\/vc_column][vc_column width=&#8221;1\/2&#8243;][vc_empty_space height=&#8221;50px&#8221;][vc_column_text]<\/p>\n<h1 style=\"text-align: center;\">ABOUT THE CLINIC<\/h1>\n<p style=\"text-align: center;\">[vc_separator type=&#8217;transparent&#8217; position=&#8217;center&#8217; color=&#8221; thickness=&#8221; up=&#8221; down=&#8221;]<\/p>\n<p style=\"text-align: center;\">The Podiatric Clinic of Laval is the reference when it comes to your feet\u2019s health. Our podiatrists use the latest technology in order to offer you the highest quality of service in a professional and welcoming environment. We are here to help you get back on your feet.<\/p>\n<p>[vc_separator type=&#8217;transparent&#8217; position=&#8217;center&#8217; color=&#8221; thickness=&#8221; up=&#8221; down=&#8221;]<\/p>\n<section>\n<p style=\"text-align: center;\">The clinic is located on the service road of Autoroute 440, at the corner of 100th Avenue, one of Laval\u2019s main roads, and is accessible to anyone interested in our services.<\/p>\n<\/section>\n<p>[\/vc_column_text][vc_empty_space height=&#8221;50px&#8221;][\/vc_column][vc_column width=&#8221;1\/4&#8243;][\/vc_column][\/vc_row][vc_row css_animation=&#8221;&#8221; row_type=&#8221;row&#8221; use_row_as_full_screen_section=&#8221;no&#8221; type=&#8221;full_width&#8221; angled_section=&#8221;no&#8221; text_align=&#8221;left&#8221; background_image_as_pattern=&#8221;without_pattern&#8221; el_class=&#8221;vc_hidden-lg vc_hidden-md&#8221; z_index=&#8221;&#8221; css=&#8221;.vc_custom_1575320249215{padding-right: 10px !important;padding-left: 10px !important;}&#8221;][vc_column width=&#8221;1\/4&#8243;][\/vc_column][vc_column width=&#8221;1\/2&#8243;][vc_empty_space height=&#8221;50px&#8221;][vc_column_text]<\/p>\n<h2 style=\"text-align: center;\">About the clinic<\/h2>\n<p style=\"text-align: center;\">[vc_separator type=&#8217;transparent&#8217; position=&#8217;center&#8217; color=&#8221; thickness=&#8221; up=&#8221; down=&#8221;]<\/p>\n<p style=\"text-align: center;\">The Podiatric Clinic of Laval is the reference when it comes to your feet\u2019s health. Our podiatrists use the latest technology in order to offer you the highest quality of service in a professional and welcoming environment. We are here to help you get back on your feet.<\/p>\n<p>[vc_separator type=&#8217;transparent&#8217; position=&#8217;center&#8217; color=&#8221; thickness=&#8221; up=&#8221; down=&#8221;]<\/p>\n<section>\n<p style=\"text-align: center;\">The clinic is located on the service road of Autoroute 440, at the corner of 100th Avenue, one of Laval\u2019s main roads, and is accessible to anyone interested in our services.<\/p>\n<\/section>\n<p>[\/vc_column_text][vc_empty_space height=&#8221;50px&#8221;][\/vc_column][vc_column width=&#8221;1\/4&#8243;][\/vc_column][\/vc_row][vc_row css_animation=&#8221;&#8221; row_type=&#8221;row&#8221; use_row_as_full_screen_section=&#8221;no&#8221; type=&#8221;full_width&#8221; angled_section=&#8221;no&#8221; text_align=&#8221;left&#8221; background_image_as_pattern=&#8221;without_pattern&#8221; z_index=&#8221;&#8221; el_class=&#8221;vc_hidden-sm vc_hidden-xs&#8221;][vc_column width=&#8221;1\/6&#8243;][\/vc_column][vc_column width=&#8221;2\/3&#8243;][vc_empty_space height=&#8221;50px&#8221;][vc_column_text css=&#8221;.vc_custom_1639076096331{background-color: rgba(255,255,255,0.01) !important;*background-color: rgb(255,255,255) !important;}&#8221;]<\/p>\n<h2 style=\"text-align: center;\">OUR PODIATRISTS<\/h2>\n<p>[vc_separator type=&#8217;transparent&#8217; position=&#8217;center&#8217; color=&#8221; thickness=&#8221; up=&#8221; down=&#8221;]<\/p>\n<div class=\"container\">\n<section id=\"equipe\">\n<div class=\"wrapper\">\n<div class=\"container\">\n<section id=\"equipe\">\n<div class=\"wrapper\">\n<p style=\"text-align: center;\">Choosing the Podiatric Clinic of Laval is choosing an attentive and passionate team, for whom your well-being is the number one priority. All our doctors obtained their doctorate in podiatric medicine at the Universit\u00e9 du Qu\u00e9bec \u00e0 Trois-Rivi\u00e8res, completed a 4-month internship in a New York hospital, and further developed their knowledge with extra courses, namely a training in integrated therapeutic foot techniques.<\/p>\n<\/div>\n<\/section>\n<\/div>\n<\/div>\n<\/section>\n<\/div>\n<p>[\/vc_column_text][vc_empty_space height=&#8221;50px&#8221;][vc_row_inner row_type=&#8221;row&#8221; type=&#8221;full_width&#8221; text_align=&#8221;left&#8221; css_animation=&#8221;&#8221;][vc_column_inner width=&#8221;1\/3&#8243;][vc_single_image image=&#8221;2351&#8243; img_size=&#8221;full&#8221; qode_css_animation=&#8221;&#8221;][\/vc_column_inner][vc_column_inner width=&#8221;1\/3&#8243;][vc_single_image image=&#8221;2353&#8243; img_size=&#8221;full&#8221; qode_css_animation=&#8221;&#8221;][\/vc_column_inner][\/vc_row_inner][vc_row_inner row_type=&#8221;row&#8221; type=&#8221;full_width&#8221; text_align=&#8221;left&#8221; css_animation=&#8221;&#8221;][vc_column_inner width=&#8221;1\/3&#8243;][vc_column_text]<\/p>\n<h2><strong>DR ANTHONY THOMAS CARECCIA, podiatrist<\/strong><\/h2>\n<p>[vc_separator type=&#8217;small&#8217; position=&#8217;left&#8217; color=&#8217;#74CEE2&#8242; thickness=&#8221; up=&#8221; down=&#8221;][\/vc_column_text][\/vc_column_inner][vc_column_inner width=&#8221;1\/3&#8243;][vc_column_text]<\/p>\n<h2><strong>DR FRAN\u00c7OIS TRAN, podiatrist<\/strong><\/h2>\n<p>[vc_separator type=&#8217;small&#8217; position=&#8217;left&#8217; color=&#8217;#74CEE2&#8242; thickness=&#8221; up=&#8221; down=&#8221;][\/vc_column_text][\/vc_column_inner][\/vc_row_inner][vc_row_inner row_type=&#8221;row&#8221; type=&#8221;full_width&#8221; text_align=&#8221;left&#8221; css_animation=&#8221;&#8221;][vc_column_inner width=&#8221;1\/3&#8243;][vc_column_text][vc_separator type=&#8217;transparent&#8217; position=&#8217;center&#8217; color=&#8221; thickness=&#8221; up=&#8221; down=&#8221;]<\/p>\n<p><strong>WELCOMING THE PATIENTS<\/strong><\/p>\n<p><strong>AS A FAMILY MEMBER<\/strong>[\/vc_column_text][\/vc_column_inner][vc_column_inner width=&#8221;1\/3&#8243;][vc_column_text][vc_separator type=&#8217;transparent&#8217; position=&#8217;center&#8217; color=&#8221; thickness=&#8221; up=&#8221; down=&#8221;]<\/p>\n<p><strong>A PATIENT-CENTERED<\/strong><\/p>\n<p><strong>APPROACH<\/strong>[\/vc_column_text][\/vc_column_inner][\/vc_row_inner][vc_empty_space][vc_row_inner row_type=&#8221;row&#8221; type=&#8221;full_width&#8221; text_align=&#8221;left&#8221; css_animation=&#8221;&#8221;][vc_column_inner width=&#8221;1\/3&#8243;]<a  itemprop=\"url\" href=\"https:\/\/cliniquepodiatriquedelaval.com\/en\/book-an-appointment-careccia\/\" target=\"_self\"  class=\"qbutton  center default\" style=\"\">Make an appointment<\/a>[\/vc_column_inner][vc_column_inner width=&#8221;1\/3&#8243;]<a  itemprop=\"url\" href=\"https:\/\/cliniquepodiatriquedelaval.com\/en\/book-an-appointment-dr-tran\/\" target=\"_self\"  class=\"qbutton  center default\" style=\"\">Make an appointment<\/a>[\/vc_column_inner][\/vc_row_inner][vc_empty_space height=&#8221;50px&#8221;][\/vc_column][vc_column width=&#8221;1\/6&#8243;][\/vc_column][\/vc_row][vc_row css_animation=&#8221;&#8221; row_type=&#8221;row&#8221; use_row_as_full_screen_section=&#8221;no&#8221; type=&#8221;full_width&#8221; angled_section=&#8221;no&#8221; text_align=&#8221;center&#8221; background_image_as_pattern=&#8221;without_pattern&#8221; z_index=&#8221;&#8221; el_class=&#8221;vc_hidden-lg vc_hidden-md&#8221; css=&#8221;.vc_custom_1576261483820{padding-right: 10px !important;padding-left: 10px !important;}&#8221;][vc_column width=&#8221;1\/4&#8243;][\/vc_column][vc_column width=&#8221;1\/2&#8243;][vc_empty_space height=&#8221;50px&#8221;][vc_column_text]<\/p>\n<h2 style=\"text-align: center;\">NOS PODIATRES<\/h2>\n<p>[vc_separator type=&#8217;transparent&#8217; position=&#8217;center&#8217; color=&#8221; thickness=&#8221; up=&#8221; down=&#8221;]<\/p>\n<div class=\"container\">\n<section id=\"equipe\">\n<div class=\"wrapper\">\n<div class=\"container\">\n<section id=\"equipe\">\n<div class=\"wrapper\">\n<p style=\"text-align: center;\">Choisir la clinique podiatrique de Laval, c\u2019est choisir une \u00e9quipe attentionn\u00e9e et passionn\u00e9e, pour laquelle la sant\u00e9 de vos pieds passe avant tout. Les podiatres qui y travaillent ont obtenu leur doctorat en m\u00e9decine podiatrique \u00e0 l\u2019Universit\u00e9 du Qu\u00e9bec \u00e0 Trois-Rivi\u00e8res, effectu\u00e9 un stage d\u2019externat de 4 mois en milieu hospitalier \u00e0 New York et suivi plusieurs autres cours compl\u00e9mentaires, notamment une formation en techniques th\u00e9rapeutiques int\u00e9gr\u00e9es du pied. Ils sont donc bien \u00e9quip\u00e9s pour r\u00e9pondre \u00e0 vos besoins.<\/p>\n<\/div>\n<\/section>\n<\/div>\n<\/div>\n<\/section>\n<\/div>\n<p>[\/vc_column_text][vc_empty_space height=&#8221;50px&#8221;][vc_single_image image=&#8221;2351&#8243; img_size=&#8221;full&#8221; alignment=&#8221;center&#8221; qode_css_animation=&#8221;&#8221;][vc_empty_space height=&#8221;15px&#8221;][vc_column_text]<\/p>\n<h2>WELCOMING THE PATIENT<\/h2>\n<h2>AS A FAMILY MEMBER<\/h2>\n<p><strong>DR ANTHONY THOMAS CARECCIA<\/strong><\/p>\n<p>[vc_separator type=&#8217;small&#8217; position=&#8217;center&#8217; color=&#8217;#74CEE2&#8242; thickness=&#8221; up=&#8221; down=&#8221;]<\/p>\n<p>PODIATRIST[\/vc_column_text][vc_empty_space height=&#8221;50px&#8221;]<a  itemprop=\"url\" href=\"https:\/\/cliniquepodiatriquedelaval.com\/en\/book-an-appointment-careccia\/\" target=\"_self\"  class=\"qbutton  center default\" style=\"\">Make an appointment<\/a>[vc_empty_space height=&#8221;50px&#8221;][vc_single_image image=&#8221;2353&#8243; img_size=&#8221;full&#8221; alignment=&#8221;center&#8221; qode_css_animation=&#8221;&#8221;][vc_empty_space height=&#8221;15px&#8221;][vc_column_text]<\/p>\n<h2>A PATIENT-CENTERED<\/h2>\n<h2>APPROACH<\/h2>\n<p><strong>DR FRAN\u00c7OIS TRAN<\/strong><\/p>\n<p>[vc_separator type=&#8217;small&#8217; position=&#8217;center&#8217; color=&#8217;#74CEE2&#8242; thickness=&#8221; up=&#8221; down=&#8221;]<\/p>\n<p>PODIATRIST[\/vc_column_text][vc_empty_space height=&#8221;50px&#8221;]<a  itemprop=\"url\" href=\"https:\/\/cliniquepodiatriquedelaval.com\/en\/book-an-appointment-dr-tran\/\" target=\"_self\"  class=\"qbutton  center default\" style=\"\">Make an appointment<\/a>[vc_empty_space height=&#8221;50px&#8221;][vc_raw_html]JTNDZGl2JTNFJTBBJTNDYSUyMGhyZWYlM0QlMjJodHRwcyUzQSUyRiUyRmNsaW5pcXVlcG9kaWF0cmlxdWVkZWxhdmFsLmNvbSUyRmVuJTJGNi0yJTJGJTIyJTNFc2VydmljZXMlM0MlMkZhJTNFJTBBJTNDYSUyMGhyZWYlM0QlMjJodHRwcyUzQSUyRiUyRmNsaW5pcXVlcG9kaWF0cmlxdWVkZWxhdmFsLmNvbSUyRmVuJTJGb25nbGUtbXljb3NlX190cmFzaGVkJTJGJTIyJTNFb25nbGUtbXljb3NlX190cmFzaGVkJTNDJTJGYSUzRSUwQSUzQyUyRmRpdiUzRQ==[\/vc_raw_html][\/vc_column][vc_column width=&#8221;1\/4&#8243;][\/vc_column][\/vc_row]<\/p>\n<\/section>","protected":false},"excerpt":{"rendered":"<p>[vc_row css_animation=&#8221;&#8221; row_type=&#8221;row&#8221; use_row_as_full_screen_section=&#8221;no&#8221; type=&#8221;full_width&#8221; angled_section=&#8221;no&#8221; text_align=&#8221;left&#8221; background_image_as_pattern=&#8221;without_pattern&#8221; el_class=&#8221;vc_hidden-sm vc_hidden-xs&#8221; z_index=&#8221;&#8221;][vc_column width=&#8221;1\/4&#8243;][\/vc_column][vc_column width=&#8221;1\/2&#8243;][vc_empty_space height=&#8221;50px&#8221;][vc_column_text] ABOUT THE CLINIC [vc_separator type=&#8217;transparent&#8217; position=&#8217;center&#8217; color=&#8221; thickness=&#8221; up=&#8221; down=&#8221;] The Podiatric Clinic of Laval is the reference when it comes to your feet\u2019s health. Our podiatrists use the latest technology&#8230;<\/p>\n","protected":false},"author":4,"featured_media":374,"parent":0,"menu_order":0,"comment_status":"closed","ping_status":"closed","template":"full_width.php","meta":{"footnotes":""},"class_list":["post-173","page","type-page","status-publish","has-post-thumbnail","hentry"],"_links":{"self":[{"href":"https:\/\/cliniquepodiatriquedelaval.com\/en\/wp-json\/wp\/v2\/pages\/173","targetHints":{"allow":["GET"]}}],"collection":[{"href":"https:\/\/cliniquepodiatriquedelaval.com\/en\/wp-json\/wp\/v2\/pages"}],"about":[{"href":"https:\/\/cliniquepodiatriquedelaval.com\/en\/wp-json\/wp\/v2\/types\/page"}],"author":[{"embeddable":true,"href":"https:\/\/cliniquepodiatriquedelaval.com\/en\/wp-json\/wp\/v2\/users\/4"}],"replies":[{"embeddable":true,"href":"https:\/\/cliniquepodiatriquedelaval.com\/en\/wp-json\/wp\/v2\/comments?post=173"}],"version-history":[{"count":0,"href":"https:\/\/cliniquepodiatriquedelaval.com\/en\/wp-json\/wp\/v2\/pages\/173\/revisions"}],"wp:featuredmedia":[{"embeddable":true,"href":"https:\/\/cliniquepodiatriquedelaval.com\/en\/wp-json\/wp\/v2\/media\/374"}],"wp:attachment":[{"href":"https:\/\/cliniquepodiatriquedelaval.com\/en\/wp-json\/wp\/v2\/media?parent=173"}],"curies":[{"name":"wp","href":"https:\/\/api.w.org\/{rel}","templated":true}]}}