{"id":1341,"date":"2020-05-25T16:30:08","date_gmt":"2020-05-25T16:30:08","guid":{"rendered":"https:\/\/cliniquepodiatriquedelaval.com\/?page_id=1341"},"modified":"2025-01-28T16:24:47","modified_gmt":"2025-01-28T20:24:47","slug":"our-podiatrists","status":"publish","type":"page","link":"https:\/\/cliniquepodiatriquedelaval.com\/en\/our-podiatrists\/","title":{"rendered":"Our podiatrists"},"content":{"rendered":"<section class=\"wpb-content-wrapper\"><p>[vc_row css_animation=&#8221;&#8221; row_type=&#8221;row&#8221; use_row_as_full_screen_section=&#8221;no&#8221; type=&#8221;full_width&#8221; angled_section=&#8221;no&#8221; text_align=&#8221;center&#8221; background_image_as_pattern=&#8221;without_pattern&#8221; z_index=&#8221;&#8221; css=&#8221;.vc_custom_1590423901537{padding-right: 10px !important;padding-left: 10px !important;}&#8221;][vc_column width=&#8221;1\/4&#8243;][\/vc_column][vc_column width=&#8221;1\/2&#8243; offset=&#8221;vc_hidden-sm vc_hidden-xs&#8221;][vc_empty_space height=&#8221;50px&#8221;][vc_column_text]<\/p>\n<h1 style=\"text-align: center;\">OUR PODIATRISTS<\/h1>\n<p>[vc_separator type=&#8217;transparent&#8217; position=&#8217;center&#8217; color=&#8221; thickness=&#8221; up=&#8221; down=&#8221;]<\/p>\n<div class=\"container\">\n<section id=\"equipe\">\n<div class=\"wrapper\">\n<p style=\"text-align: center;\">Choosing the Podiatric Clinic of Laval is choosing an attentive and passionate team, for whom your well-being is the number one priority. All our doctors obtained their doctorate in podiatric medicine at the Universit\u00e9 du Qu\u00e9bec \u00e0 Trois-Rivi\u00e8res, completed a 4-month internship in a New York hospital, and further developed their knowledge with extra courses, namely a training in integrated therapeutic foot techniques.<\/p>\n<\/div>\n<\/section>\n<\/div>\n<p>[\/vc_column_text][vc_empty_space height=&#8221;50px&#8221;][\/vc_column][vc_column width=&#8221;1\/4&#8243;][\/vc_column][\/vc_row][vc_row css_animation=&#8221;&#8221; row_type=&#8221;row&#8221; use_row_as_full_screen_section=&#8221;no&#8221; type=&#8221;full_width&#8221; angled_section=&#8221;no&#8221; text_align=&#8221;left&#8221; background_image_as_pattern=&#8221;without_pattern&#8221;][vc_column width=&#8221;1\/6&#8243;][\/vc_column][vc_column width=&#8221;2\/3&#8243; offset=&#8221;vc_hidden-sm vc_hidden-xs&#8221;][vc_row_inner row_type=&#8221;row&#8221; type=&#8221;full_width&#8221; text_align=&#8221;left&#8221; css_animation=&#8221;&#8221;][vc_column_inner width=&#8221;1\/3&#8243;][vc_single_image image=&#8221;2351&#8243; img_size=&#8221;full&#8221; qode_css_animation=&#8221;&#8221;][\/vc_column_inner][vc_column_inner width=&#8221;1\/3&#8243;][vc_single_image image=&#8221;2353&#8243; img_size=&#8221;full&#8221; qode_css_animation=&#8221;&#8221;][\/vc_column_inner][\/vc_row_inner][vc_row_inner row_type=&#8221;row&#8221; type=&#8221;full_width&#8221; text_align=&#8221;left&#8221; css_animation=&#8221;&#8221;][vc_column_inner width=&#8221;1\/3&#8243;][vc_column_text]<\/p>\n<h2><strong>DR ANTHONY THOMAS CARECCIA, podiatrist<br \/>\n<\/strong><\/h2>\n<p>[vc_separator type=&#8217;small&#8217; position=&#8217;center&#8217; color=&#8217;#74CEE2&#8242; thickness=&#8221; up=&#8221; down=&#8221;]<\/p>\n<p>[\/vc_column_text][\/vc_column_inner][vc_column_inner width=&#8221;1\/3&#8243;][vc_column_text]<\/p>\n<h2><strong>DR FRAN\u00c7OIS TRAN<\/strong>, <strong>podiatrist<\/strong><\/h2>\n<p>[vc_separator type=&#8217;small&#8217; position=&#8217;center&#8217; color=&#8217;#74CEE2&#8242; thickness=&#8221; up=&#8221; down=&#8221;]<\/p>\n<p>[\/vc_column_text][\/vc_column_inner][\/vc_row_inner][vc_row_inner row_type=&#8221;row&#8221; type=&#8221;full_width&#8221; text_align=&#8221;left&#8221; css_animation=&#8221;&#8221;][vc_column_inner width=&#8221;1\/3&#8243;][vc_column_text]<strong>WELCOMING THE PATIENTS<\/strong><\/p>\n<p><strong>AS A FAMILY MEMBER<\/strong><\/p>\n<p>[vc_separator type=&#8217;small&#8217; position=&#8217;center&#8217; color=&#8217;#74CEE2&#8242; thickness=&#8221; up=&#8221; down=&#8221;][\/vc_column_text][\/vc_column_inner][vc_column_inner width=&#8221;1\/3&#8243;][vc_column_text]<strong>A PATIENT-CENTERED<\/strong><\/p>\n<p><strong>APPROACH<\/strong><\/p>\n<p>[vc_separator type=&#8217;small&#8217; position=&#8217;center&#8217; color=&#8217;#74CEE2&#8242; thickness=&#8221; up=&#8221; down=&#8221;][\/vc_column_text][\/vc_column_inner][\/vc_row_inner][vc_empty_space][vc_row_inner row_type=&#8221;row&#8221; type=&#8221;full_width&#8221; text_align=&#8221;left&#8221; css_animation=&#8221;&#8221;][vc_column_inner width=&#8221;1\/3&#8243;]<a  itemprop=\"url\" href=\"https:\/\/cliniquepodiatriquedelaval.com\/en\/book-an-appointment-careccia\/\" target=\"_self\"  class=\"qbutton  default\" style=\"\">Book an appointment<\/a>[\/vc_column_inner][vc_column_inner width=&#8221;1\/3&#8243;]<a  itemprop=\"url\" href=\"https:\/\/cliniquepodiatriquedelaval.com\/en\/book-an-appointment-dr-tran\/\" target=\"_self\"  class=\"qbutton  default\" style=\"\">Book an appointment<\/a>[\/vc_column_inner][\/vc_row_inner][vc_empty_space][\/vc_column][vc_column width=&#8221;1\/6&#8243;][\/vc_column][\/vc_row][vc_row css_animation=&#8221;&#8221; row_type=&#8221;row&#8221; use_row_as_full_screen_section=&#8221;no&#8221; type=&#8221;full_width&#8221; angled_section=&#8221;no&#8221; text_align=&#8221;center&#8221; background_image_as_pattern=&#8221;without_pattern&#8221; z_index=&#8221;&#8221;][vc_column width=&#8221;1\/4&#8243;][\/vc_column][vc_column width=&#8221;1\/2&#8243; offset=&#8221;vc_hidden-lg vc_hidden-md&#8221;][vc_empty_space height=&#8221;50px&#8221;][vc_column_text]<\/p>\n<h2 style=\"text-align: center;\">OUR PODIATRISTS<\/h2>\n<p>[vc_separator type=&#8217;transparent&#8217; position=&#8217;center&#8217; color=&#8221; thickness=&#8221; up=&#8221; down=&#8221;]<\/p>\n<div class=\"container\">\n<section id=\"equipe\">\n<div class=\"wrapper\">\n<p style=\"text-align: center;\">Choosing the Podiatric Clinic of Laval is choosing an attentive and passionate team, for whom your well-being is the number one priority. All our doctors obtained their doctorate in podiatric medicine at the Universit\u00e9 du Qu\u00e9bec \u00e0 Trois-Rivi\u00e8res, completed a 4-month internship in a New York hospital, and further developed their knowledge with extra courses, namely a training in integrated therapeutic foot techniques.<\/p>\n<\/div>\n<\/section>\n<\/div>\n<p>[\/vc_column_text][vc_empty_space height=&#8221;50px&#8221;][vc_row_inner row_type=&#8221;row&#8221; type=&#8221;full_width&#8221; text_align=&#8221;center&#8221; css_animation=&#8221;&#8221;][vc_column_inner][vc_empty_space height=&#8221;50px&#8221;][vc_single_image image=&#8221;2351&#8243; img_size=&#8221;full&#8221; alignment=&#8221;center&#8221; qode_css_animation=&#8221;&#8221;][vc_column_text]<\/p>\n<h2><\/h2>\n<h2><strong>DR ANTHONY THOMAS CARECCIA<\/strong>, podiatrist<\/h2>\n<p>&nbsp;<\/p>\n<h3>WELCOMING THE PATIENTS<\/h3>\n<h3>AS A FAMILY MEMBER<\/h3>\n<p>[vc_separator type=&#8217;small&#8217; position=&#8217;left&#8217; color=&#8217;#74CEE2&#8242; thickness=&#8221; up=&#8221; down=&#8221;][\/vc_column_text]<a  itemprop=\"url\" href=\"https:\/\/cliniquepodiatriquedelaval.com\/en\/book-an-appointment-careccia\/\" target=\"_self\"  class=\"qbutton  default\" style=\"\">Book an appointment<\/a>[\/vc_column_inner][\/vc_row_inner][vc_row_inner row_type=&#8221;row&#8221; type=&#8221;full_width&#8221; text_align=&#8221;center&#8221; css_animation=&#8221;&#8221;][vc_column_inner][vc_empty_space height=&#8221;50px&#8221;][vc_single_image image=&#8221;2353&#8243; img_size=&#8221;full&#8221; alignment=&#8221;center&#8221; qode_css_animation=&#8221;&#8221;][vc_column_text]<\/p>\n<h2><\/h2>\n<h2><strong>DR FRAN\u00c7OIS TRAN, podiatrist<br \/>\n<\/strong><\/h2>\n<p>&nbsp;<\/p>\n<h3>A PATIENT-CENTERED<\/h3>\n<h3>APPROACH<\/h3>\n<p><strong>\u00a0<\/strong><\/p>\n<p>[vc_separator type=&#8217;small&#8217; position=&#8217;left&#8217; color=&#8217;#74CEE2&#8242; thickness=&#8221; up=&#8221; down=&#8221;][\/vc_column_text]<a  itemprop=\"url\" href=\"https:\/\/cliniquepodiatriquedelaval.com\/en\/book-an-appointment-dr-tran\/\" target=\"_self\"  class=\"qbutton  default\" style=\"\">Book an appointment<\/a>[\/vc_column_inner][\/vc_row_inner][vc_empty_space height=&#8221;50px&#8221;][vc_empty_space height=&#8221;50px&#8221;][\/vc_column][vc_column width=&#8221;1\/4&#8243;][\/vc_column][\/vc_row]<\/p>\n<\/section>","protected":false},"excerpt":{"rendered":"<p>[vc_row css_animation=&#8221;&#8221; row_type=&#8221;row&#8221; use_row_as_full_screen_section=&#8221;no&#8221; type=&#8221;full_width&#8221; angled_section=&#8221;no&#8221; text_align=&#8221;center&#8221; background_image_as_pattern=&#8221;without_pattern&#8221; z_index=&#8221;&#8221; css=&#8221;.vc_custom_1590423901537{padding-right: 10px !important;padding-left: 10px !important;}&#8221;][vc_column width=&#8221;1\/4&#8243;][\/vc_column][vc_column width=&#8221;1\/2&#8243; offset=&#8221;vc_hidden-sm vc_hidden-xs&#8221;][vc_empty_space height=&#8221;50px&#8221;][vc_column_text] OUR PODIATRISTS [vc_separator type=&#8217;transparent&#8217; position=&#8217;center&#8217; color=&#8221; thickness=&#8221; up=&#8221; down=&#8221;] Choosing the Podiatric Clinic of Laval is choosing an attentive and passionate team, for whom your well-being&#8230;<\/p>\n","protected":false},"author":4,"featured_media":374,"parent":0,"menu_order":0,"comment_status":"closed","ping_status":"closed","template":"full_width.php","meta":{"footnotes":""},"class_list":["post-1341","page","type-page","status-publish","has-post-thumbnail","hentry"],"_links":{"self":[{"href":"https:\/\/cliniquepodiatriquedelaval.com\/en\/wp-json\/wp\/v2\/pages\/1341","targetHints":{"allow":["GET"]}}],"collection":[{"href":"https:\/\/cliniquepodiatriquedelaval.com\/en\/wp-json\/wp\/v2\/pages"}],"about":[{"href":"https:\/\/cliniquepodiatriquedelaval.com\/en\/wp-json\/wp\/v2\/types\/page"}],"author":[{"embeddable":true,"href":"https:\/\/cliniquepodiatriquedelaval.com\/en\/wp-json\/wp\/v2\/users\/4"}],"replies":[{"embeddable":true,"href":"https:\/\/cliniquepodiatriquedelaval.com\/en\/wp-json\/wp\/v2\/comments?post=1341"}],"version-history":[{"count":0,"href":"https:\/\/cliniquepodiatriquedelaval.com\/en\/wp-json\/wp\/v2\/pages\/1341\/revisions"}],"wp:featuredmedia":[{"embeddable":true,"href":"https:\/\/cliniquepodiatriquedelaval.com\/en\/wp-json\/wp\/v2\/media\/374"}],"wp:attachment":[{"href":"https:\/\/cliniquepodiatriquedelaval.com\/en\/wp-json\/wp\/v2\/media?parent=1341"}],"curies":[{"name":"wp","href":"https:\/\/api.w.org\/{rel}","templated":true}]}}